{"id":66,"date":"2024-08-01T14:03:40","date_gmt":"2024-08-01T13:03:40","guid":{"rendered":"https:\/\/robert.stefko.website.tuke.sk\/?page_id=66"},"modified":"2024-08-03T06:38:18","modified_gmt":"2024-08-03T05:38:18","slug":"vyucba","status":"publish","type":"page","link":"https:\/\/robert.stefko.website.tuke.sk\/index.php\/vyucba\/","title":{"rendered":"V\u00fdu\u010dba"},"content":{"rendered":"\n<div class=\"wp-block-group alignwide is-content-justification-space-between is-layout-flex wp-container-core-group-is-layout-1160684c wp-block-group-is-layout-flex\" style=\"padding-top:var(--wp--preset--spacing--20);padding-bottom:var(--wp--preset--spacing--20)\">\n<div class=\"wp-block-group is-layout-flex wp-container-core-group-is-layout-fbcf6490 wp-block-group-is-layout-flex\">\n\n\n<div class=\"wp-block-group is-layout-flow wp-container-core-group-is-layout-47e5a185 wp-block-group-is-layout-flow\"><p class=\"wp-block-site-title\"><a href=\"https:\/\/robert.stefko.website.tuke.sk\" target=\"_self\" rel=\"home\">R\u00f3bert \u0160tefko<\/a><\/p><\/div>\n<\/div>\n\n\n\n<div class=\"wp-block-group is-content-justification-left is-layout-flex wp-container-core-group-is-layout-bc8e6f51 wp-block-group-is-layout-flex\"><nav class=\"is-responsive wp-block-navigation is-layout-flex wp-block-navigation-is-layout-flex\" aria-label=\"MENU SK\" \n\t\t data-wp-interactive=\"core\/navigation\" data-wp-context='{\"overlayOpenedBy\":{\"click\":false,\"hover\":false,\"focus\":false},\"type\":\"overlay\",\"roleAttribute\":\"\",\"ariaLabel\":\"Menu\"}'><button aria-haspopup=\"dialog\" aria-label=\"Otvori\u0165 menu\" class=\"wp-block-navigation__responsive-container-open\" \n\t\t\t\tdata-wp-on--click=\"actions.openMenuOnClick\"\n\t\t\t\tdata-wp-on--keydown=\"actions.handleMenuKeydown\"\n\t\t\t><svg width=\"24\" height=\"24\" xmlns=\"http:\/\/www.w3.org\/2000\/svg\" viewBox=\"0 0 24 24\" aria-hidden=\"true\" focusable=\"false\"><path d=\"M4 7.5h16v1.5H4z\"><\/path><path d=\"M4 15h16v1.5H4z\"><\/path><\/svg><\/button>\n\t\t\t\t<div class=\"wp-block-navigation__responsive-container\"  id=\"modal-1\" \n\t\t\t\tdata-wp-class--has-modal-open=\"state.isMenuOpen\"\n\t\t\t\tdata-wp-class--is-menu-open=\"state.isMenuOpen\"\n\t\t\t\tdata-wp-watch=\"callbacks.initMenu\"\n\t\t\t\tdata-wp-on--keydown=\"actions.handleMenuKeydown\"\n\t\t\t\tdata-wp-on--focusout=\"actions.handleMenuFocusout\"\n\t\t\t\ttabindex=\"-1\"\n\t\t\t>\n\t\t\t\t\t<div class=\"wp-block-navigation__responsive-close\" tabindex=\"-1\">\n\t\t\t\t\t\t<div class=\"wp-block-navigation__responsive-dialog\" \n\t\t\t\tdata-wp-bind--aria-modal=\"state.ariaModal\"\n\t\t\t\tdata-wp-bind--aria-label=\"state.ariaLabel\"\n\t\t\t\tdata-wp-bind--role=\"state.roleAttribute\"\n\t\t\t>\n\t\t\t\t\t\t\t<button aria-label=\"Zatvori\u0165 menu\" class=\"wp-block-navigation__responsive-container-close\" \n\t\t\t\tdata-wp-on--click=\"actions.closeMenuOnClick\"\n\t\t\t><svg xmlns=\"http:\/\/www.w3.org\/2000\/svg\" viewBox=\"0 0 24 24\" width=\"24\" height=\"24\" aria-hidden=\"true\" focusable=\"false\"><path d=\"m13.06 12 6.47-6.47-1.06-1.06L12 10.94 5.53 4.47 4.47 5.53 10.94 12l-6.47 6.47 1.06 1.06L12 13.06l6.47 6.47 1.06-1.06L13.06 12Z\"><\/path><\/svg><\/button>\n\t\t\t\t\t\t\t<div class=\"wp-block-navigation__responsive-container-content\" \n\t\t\t\tdata-wp-watch=\"callbacks.focusFirstElement\"\n\t\t\t id=\"modal-1-content\">\n\t\t\t\t\t\t\t\t<ul class=\"wp-block-navigation__container is-responsive wp-block-navigation\"><li class=\" wp-block-navigation-item wp-block-navigation-link\"><a class=\"wp-block-navigation-item__content\"  href=\"https:\/\/robert.stefko.website.tuke.sk\/index.php\/vyucba\/\"><span class=\"wp-block-navigation-item__label\">V\u00fdu\u010dba<\/span><\/a><\/li><li class=\" wp-block-navigation-item wp-block-navigation-link\"><a class=\"wp-block-navigation-item__content\"  href=\"https:\/\/robert.stefko.website.tuke.sk\/index.php\/vyskum\/\"><span class=\"wp-block-navigation-item__label\">V\u00fdskum<\/span><\/a><\/li><li class=\" wp-block-navigation-item wp-block-navigation-link\"><a class=\"wp-block-navigation-item__content\"  href=\"https:\/\/robert.stefko.website.tuke.sk\/index.php\/laboratorium-2\/\"><span class=\"wp-block-navigation-item__label\">Laborat\u00f3rium<\/span><\/a><\/li><\/ul>\n<div class=\"wp-block-buttons is-layout-flex wp-block-buttons-is-layout-flex\">\n<div class=\"wp-block-button\"><a class=\"wp-block-button__link wp-element-button\" href=\"https:\/\/robert.stefko.website.tuke.sk\/index.php\/home-en\/\"><strong>EN<\/strong><\/a><\/div>\n<\/div>\n\n\t\t\t\t\t\t\t<\/div>\n\t\t\t\t\t\t<\/div>\n\t\t\t\t\t<\/div>\n\t\t\t\t<\/div><\/nav><\/div>\n<\/div>\n\n\n\n<div class=\"wp-block-group alignfull has-accent-2-background-color has-background has-global-padding is-layout-constrained wp-container-core-group-is-layout-796362d6 wp-block-group-is-layout-constrained\" style=\"margin-top:0;margin-bottom:0;padding-top:var(--wp--preset--spacing--40);padding-right:var(--wp--preset--spacing--50);padding-bottom:var(--wp--preset--spacing--40);padding-left:var(--wp--preset--spacing--50)\">\n<div class=\"wp-block-columns alignwide is-layout-flex wp-container-core-columns-is-layout-28f84493 wp-block-columns-is-layout-flex\">\n<div class=\"wp-block-column is-layout-flow wp-block-column-is-layout-flow\" style=\"flex-basis:100%\">\n<p class=\"has-heading-font-family has-x-large-font-size\" style=\"line-height:1.2\">Pedagogick\u00e1 \u010dinnos\u0165 na katedre elektroenergetiky:<\/p>\n\n\n\n<p><strong><em>V\u00fduka cvi\u010den\u00ed:<\/em><\/strong><br><a href=\"https:\/\/kee.fei.tuke.sk\/?page_id=381\">Z\u00e1klady elektrotechnick\u00e9ho in\u017einierstva<\/a> (1. ro\u010dn\u00edk Bc.)<br><a href=\"https:\/\/kee.fei.tuke.sk\/?page_id=436\">Elektrick\u00e9 ochrany v elektriza\u010dnej s\u00fastave<\/a> (3. ro\u010dn\u00edk Bc.)<br><a href=\"https:\/\/kee.fei.tuke.sk\/?page_id=494\">Syst\u00e9my chr\u00e1nenia v elektriza\u010dnej s\u00fastave<\/a> (2. ro\u010dn\u00edk Ing.)<br><br><strong><em>Vedenie z\u00e1vere\u010dn\u00fdch pr\u00e1c:<\/em><\/strong><br>Bakal\u00e1rske a Diplomov\u00e9 pr\u00e1ce v oblastiach syst\u00e9mov chr\u00e1nenia, modelovania a anal\u00fdzy obnovite\u013en\u00fdch zdrojov elektrickej energie.<br><br><strong><em>Rozvrh v\u00fdu\u010dby pre rok 2023\/2024:<\/em><\/strong><br><em><strong>Letn\u00fd semester:<\/strong><\/em><br><strong>Utorok:<br><\/strong>Elektrick\u00e9 ochrany v elektriza\u010dnej s\u00fastave 7:30-9:55<br><em>M74_008 (LOCH)<br>CL<br>EE_Bc_3roc_2sk<\/em><br><br>Elektrick\u00e9 ochrany v elektriza\u010dnej s\u00fastave 10:50-13:05<br><em>M74_008 (LOCH)<br>CL<br>EE_Bc_3roc_3sk<\/em><br><br><strong>Piatok:<\/strong><br>Konzult\u00e1cie k cvi\u010deniam a z\u00e1vere\u010dn\u00fdm pr\u00e1cam<\/p>\n<\/div>\n<\/div>\n<\/div>\n\n\n\n<div class=\"wp-block-cover alignfull is-light has-parallax\" style=\"padding-top:var(--wp--preset--spacing--50);padding-right:var(--wp--preset--spacing--50);padding-bottom:var(--wp--preset--spacing--50);padding-left:var(--wp--preset--spacing--50);min-height:708px;aspect-ratio:unset;\"><span aria-hidden=\"true\" class=\"wp-block-cover__background has-base-background-color has-background-dim-0 has-background-dim\"><\/span><div class=\"wp-block-cover__image-background wp-image-78 has-parallax\" style=\"background-position:50% 50%;background-image:url(https:\/\/robert.stefko.website.tuke.sk\/wp-content\/uploads\/2024\/08\/cropped-classic-interior-empty-university-library1.jpg)\"><\/div><div class=\"wp-block-cover__inner-container has-global-padding is-layout-constrained wp-container-core-cover-is-layout-e4fd886c wp-block-cover-is-layout-constrained\">\n<p><\/p>\n<\/div><\/div>\n\n\n\n<div class=\"wp-block-group alignfull has-accent-2-background-color has-background has-global-padding is-layout-constrained wp-container-core-group-is-layout-796362d6 wp-block-group-is-layout-constrained\" style=\"margin-top:0;margin-bottom:0;padding-top:var(--wp--preset--spacing--40);padding-right:var(--wp--preset--spacing--50);padding-bottom:var(--wp--preset--spacing--40);padding-left:var(--wp--preset--spacing--50)\">\n<div class=\"wp-block-columns alignwide is-layout-flex wp-container-core-columns-is-layout-28f84493 wp-block-columns-is-layout-flex\">\n<div class=\"wp-block-column is-layout-flow wp-block-column-is-layout-flow\" style=\"flex-basis:100%\">\n<p class=\"has-heading-font-family has-x-large-font-size\" style=\"line-height:1.2\">Elektrick\u00e9 ochrany v elektriza\u010dnej s\u00fastave<\/p>\n\n\n\n<p><strong><em>\u00davod do parametriz\u00e1cie ochrann\u00fdch rel\u00e9<\/em><\/strong><\/p>\n\n\n<a href=\"https:\/\/robert.stefko.website.tuke.sk\/wp-content\/uploads\/2024\/08\/Uvod-do-parametrizacie-ochrannych-rele.pdf\" class=\"pdfemb-viewer\" style=\"\" data-width=\"max\" data-height=\"max\" data-toolbar=\"both\" data-toolbar-fixed=\"off\">Uvod-do-parametrizacie-ochrannych-rele<\/a><\/div>\n<\/div>\n<\/div>\n\n\n\n<div class=\"wp-block-cover alignfull is-light has-parallax\" style=\"padding-top:var(--wp--preset--spacing--50);padding-right:var(--wp--preset--spacing--50);padding-bottom:var(--wp--preset--spacing--50);padding-left:var(--wp--preset--spacing--50);min-height:249px;aspect-ratio:unset;\"><span aria-hidden=\"true\" class=\"wp-block-cover__background has-base-background-color has-background-dim-0 has-background-dim\"><\/span><div class=\"wp-block-cover__image-background wp-image-78 has-parallax\" style=\"background-position:50% 50%;background-image:url(https:\/\/robert.stefko.website.tuke.sk\/wp-content\/uploads\/2024\/08\/cropped-classic-interior-empty-university-library1.jpg)\"><\/div><div class=\"wp-block-cover__inner-container has-global-padding is-layout-constrained wp-container-core-cover-is-layout-e4fd886c wp-block-cover-is-layout-constrained\">\n<p><\/p>\n<\/div><\/div>\n\n\n\n<div class=\"wp-block-group alignfull has-accent-2-background-color has-background has-global-padding is-layout-constrained wp-container-core-group-is-layout-796362d6 wp-block-group-is-layout-constrained\" style=\"margin-top:0;margin-bottom:0;padding-top:var(--wp--preset--spacing--40);padding-right:var(--wp--preset--spacing--50);padding-bottom:var(--wp--preset--spacing--40);padding-left:var(--wp--preset--spacing--50)\">\n<div class=\"wp-block-columns alignwide is-layout-flex wp-container-core-columns-is-layout-28f84493 wp-block-columns-is-layout-flex\">\n<div class=\"wp-block-column is-layout-flow wp-block-column-is-layout-flow\" style=\"flex-basis:100%\">\n<p class=\"has-heading-font-family has-x-large-font-size\" style=\"line-height:1.2\">Syst\u00e9my chr\u00e1nenia v elektriza\u010dnej s\u00fastave<\/p>\n\n\n\n<p><strong><em><em>Parametriz\u00e1cia ochrann\u00fdch rel\u00e9 v elektriza\u010dn\u00fdch s\u00fastav\u00e1ch<\/em><\/em><\/strong><\/p>\n\n\n<a href=\"https:\/\/robert.stefko.website.tuke.sk\/wp-content\/uploads\/2024\/08\/Parametrizacia-ochrannych-rele-v-elektrizacnych-sustavach.pdf\" class=\"pdfemb-viewer\" style=\"\" data-width=\"max\" data-height=\"max\" data-toolbar=\"both\" data-toolbar-fixed=\"off\">Parametrizacia-ochrannych-rele-v-elektrizacnych-sustavach<\/a><\/div>\n<\/div>\n<\/div>\n\n\n\n<div class=\"wp-block-group alignwide has-global-padding is-layout-constrained wp-block-group-is-layout-constrained\" style=\"padding-top:var(--wp--preset--spacing--30);padding-bottom:var(--wp--preset--spacing--30)\">\n<div class=\"wp-block-columns alignwide is-layout-flex wp-container-core-columns-is-layout-28f84493 wp-block-columns-is-layout-flex\">\n<div class=\"wp-block-column is-layout-flow wp-block-column-is-layout-flow\" style=\"flex-basis:30%\">\n<div class=\"wp-block-group is-vertical is-layout-flex wp-container-core-group-is-layout-fe9cc265 wp-block-group-is-layout-flex\">\n\n<p class=\"wp-block-site-title has-medium-font-size\"><a href=\"https:\/\/robert.stefko.website.tuke.sk\" target=\"_self\" rel=\"home\">R\u00f3bert \u0160tefko<\/a><\/p>\n\n<p class=\"wp-block-site-tagline has-small-font-size\">KEE FEI TUKE<\/p><\/div>\n<\/div>\n\n\n\n<div class=\"wp-block-column is-layout-flow wp-block-column-is-layout-flow\" style=\"flex-basis:20%\"><\/div>\n\n\n\n<div class=\"wp-block-column is-layout-flow wp-block-column-is-layout-flow\" style=\"flex-basis:50%\">\n<div class=\"wp-block-group is-content-justification-space-between is-layout-flex wp-container-core-group-is-layout-e5edad21 wp-block-group-is-layout-flex\">\n<div class=\"wp-block-group is-vertical is-content-justification-stretch is-layout-flex wp-container-core-group-is-layout-353c4f5a wp-block-group-is-layout-flex\">\n<h2 class=\"wp-block-heading has-medium-font-size has-body-font-family\" style=\"font-style:normal;font-weight:600\">Prepojenia<\/h2>\n\n\n\n<div class=\"wp-block-group is-vertical is-layout-flex wp-container-core-group-is-layout-ea0cb840 wp-block-group-is-layout-flex\"><nav style=\"font-style:normal;font-weight:400;\" class=\"has-small-font-size  is-vertical wp-block-navigation is-layout-flex wp-container-core-navigation-is-layout-ea0cb840 wp-block-navigation-is-layout-flex\" aria-label=\"Prepojenia\"><ul style=\"font-style:normal;font-weight:400;\" class=\"wp-block-navigation__container has-small-font-size  is-vertical wp-block-navigation has-small-font-size\"><li class=\"has-small-font-size wp-block-navigation-item wp-block-navigation-link\"><a class=\"wp-block-navigation-item__content\"  href=\"https:\/\/orcid.org\/0000-0002-2477-4559\" target=\"_blank\"  ><span class=\"wp-block-navigation-item__label\">ORCID<\/span><\/a><\/li><li class=\"has-small-font-size wp-block-navigation-item wp-block-navigation-link\"><a class=\"wp-block-navigation-item__content\"  href=\"https:\/\/www.webofscience.com\/wos\/author\/record\/2324079\" target=\"_blank\"  ><span class=\"wp-block-navigation-item__label\">Web of Science<\/span><\/a><\/li><li class=\"has-small-font-size wp-block-navigation-item wp-block-navigation-link\"><a class=\"wp-block-navigation-item__content\"  href=\"https:\/\/www.scopus.com\/authid\/detail.uri?authorId=57222737275\" target=\"_blank\"  ><span class=\"wp-block-navigation-item__label\">Scopus<\/span><\/a><\/li><li class=\"has-small-font-size wp-block-navigation-item wp-block-navigation-link\"><a class=\"wp-block-navigation-item__content\"  href=\"https:\/\/scholar.google.com\/citations?hl=sk&#038;user=gyDxpOsAAAAJ\" target=\"_blank\"  ><span class=\"wp-block-navigation-item__label\">Google Scholar<\/span><\/a><\/li><\/ul><\/nav><\/div>\n<\/div>\n\n\n\n<div class=\"wp-block-group is-vertical is-content-justification-stretch is-layout-flex wp-container-core-group-is-layout-353c4f5a wp-block-group-is-layout-flex\">\n<h2 class=\"wp-block-heading has-medium-font-size has-body-font-family\" style=\"font-style:normal;font-weight:600\">Soci\u00e1lne siete<\/h2>\n\n\n<nav style=\"font-style:normal;font-weight:400;\" class=\"has-small-font-size  is-vertical wp-block-navigation is-layout-flex wp-container-core-navigation-is-layout-ea0cb840 wp-block-navigation-is-layout-flex\" aria-label=\"Socialne siete\"><ul style=\"font-style:normal;font-weight:400;\" class=\"wp-block-navigation__container has-small-font-size  is-vertical wp-block-navigation has-small-font-size\"><li class=\"has-small-font-size wp-block-navigation-item wp-block-navigation-link\"><a class=\"wp-block-navigation-item__content\"  href=\"https:\/\/www.linkedin.com\/in\/robert-stefko\" target=\"_blank\"  ><span class=\"wp-block-navigation-item__label\">Linkedin<\/span><\/a><\/li><li class=\"has-small-font-size wp-block-navigation-item wp-block-navigation-link\"><a class=\"wp-block-navigation-item__content\"  href=\"https:\/\/www.researchgate.net\/profile\/Robert-Stefko-2\" target=\"_blank\"  ><span class=\"wp-block-navigation-item__label\">ReaserchGate<\/span><\/a><\/li><\/ul><\/nav><\/div>\n\n\n\n<div class=\"wp-block-group is-vertical is-content-justification-stretch is-layout-flex wp-container-core-group-is-layout-353c4f5a wp-block-group-is-layout-flex\">\n<h2 class=\"wp-block-heading has-medium-font-size has-body-font-family\" style=\"font-style:normal;font-weight:600\">Social<\/h2>\n\n\n\n<div class=\"wp-block-group is-vertical is-layout-flex wp-container-core-group-is-layout-ea0cb840 wp-block-group-is-layout-flex\">\n<p>test<\/p>\n<\/div>\n<\/div>\n<\/div>\n<\/div>\n<\/div>\n\n\n\n<div class=\"wp-block-group alignwide is-layout-flow wp-block-group-is-layout-flow\" style=\"padding-top:var(--wp--preset--spacing--50);padding-bottom:0\">\n<p class=\"has-contrast-2-color has-text-color has-link-color has-small-font-size wp-elements-7a0d035fd2fd995e5000abdf8101d67e\">Designed with <a href=\"https:\/\/wordpress.org\" rel=\"nofollow\">WordPress<\/a><\/p>\n\n\n\n<p class=\"has-contrast-2-color has-text-color has-link-color has-small-font-size wp-elements-e51cc7fdd66f1c96cd9756f5de8c5db3\">\u00a9 2024 Ing. R\u00f3bert \u0160tefko, PhD.<\/p>\n<\/div>\n<\/div>\n","protected":false},"excerpt":{"rendered":"<p>Pedagogick\u00e1 \u010dinnos\u0165 na katedre elektroenergetiky: V\u00fduka cvi\u010den\u00ed:Z\u00e1klady elektrotechnick\u00e9ho in\u017einierstva (1. ro\u010dn\u00edk Bc.)Elektrick\u00e9 ochrany v elektriza\u010dnej s\u00fastave (3. ro\u010dn\u00edk Bc.)Syst\u00e9my chr\u00e1nenia v elektriza\u010dnej s\u00fastave (2. ro\u010dn\u00edk Ing.) Vedenie z\u00e1vere\u010dn\u00fdch pr\u00e1c:Bakal\u00e1rske a Diplomov\u00e9 pr\u00e1ce v oblastiach syst\u00e9mov chr\u00e1nenia, modelovania a anal\u00fdzy obnovite\u013en\u00fdch zdrojov elektrickej energie. Rozvrh v\u00fdu\u010dby pre rok 2023\/2024:Letn\u00fd semester:Utorok:Elektrick\u00e9 ochrany v elektriza\u010dnej s\u00fastave 7:30-9:55M74_008 (LOCH)CLEE_Bc_3roc_2sk [&hellip;]<\/p>\n","protected":false},"author":1,"featured_media":0,"parent":0,"menu_order":0,"comment_status":"closed","ping_status":"closed","template":"","meta":{"footnotes":"[]"},"class_list":["post-66","page","type-page","status-publish","hentry"],"_links":{"self":[{"href":"https:\/\/robert.stefko.website.tuke.sk\/index.php\/wp-json\/wp\/v2\/pages\/66","targetHints":{"allow":["GET"]}}],"collection":[{"href":"https:\/\/robert.stefko.website.tuke.sk\/index.php\/wp-json\/wp\/v2\/pages"}],"about":[{"href":"https:\/\/robert.stefko.website.tuke.sk\/index.php\/wp-json\/wp\/v2\/types\/page"}],"author":[{"embeddable":true,"href":"https:\/\/robert.stefko.website.tuke.sk\/index.php\/wp-json\/wp\/v2\/users\/1"}],"replies":[{"embeddable":true,"href":"https:\/\/robert.stefko.website.tuke.sk\/index.php\/wp-json\/wp\/v2\/comments?post=66"}],"version-history":[{"count":36,"href":"https:\/\/robert.stefko.website.tuke.sk\/index.php\/wp-json\/wp\/v2\/pages\/66\/revisions"}],"predecessor-version":[{"id":347,"href":"https:\/\/robert.stefko.website.tuke.sk\/index.php\/wp-json\/wp\/v2\/pages\/66\/revisions\/347"}],"wp:attachment":[{"href":"https:\/\/robert.stefko.website.tuke.sk\/index.php\/wp-json\/wp\/v2\/media?parent=66"}],"curies":[{"name":"wp","href":"https:\/\/api.w.org\/{rel}","templated":true}]}}